{"id":398,"date":"2017-06-15T07:16:26","date_gmt":"2017-06-15T07:16:26","guid":{"rendered":"https:\/\/www.crazytimephotobooth.com\/?page_id=398"},"modified":"2025-05-03T01:50:00","modified_gmt":"2025-05-03T01:50:00","slug":"about","status":"publish","type":"page","link":"https:\/\/www.crazytimephotobooth.com\/es\/about\/","title":{"rendered":"Nosotros"},"content":{"rendered":"<div class=\"wpb-content-wrapper\"><div data-vc-full-width=\"true\" data-vc-full-width-init=\"false\" data-vc-stretch-content=\"true\" class=\"vc_row wpb_row vc_row-fluid vc_row-o-equal-height vc_row-flex\"><div class=\"block-table__cell col-lg-6 about-why-us-left wpb_column vc_column_container vc_col-sm-12 vc_col-lg-6 vc_col-md-6\"><div class=\"vc_column-inner\"><div class=\"wpb_wrapper\"><div class=\"vc_row wpb_row vc_inner vc_row-fluid section-type-2 bg-grey\"><div class=\"wpb_column vc_column_container vc_col-sm-12\"><div class=\"vc_column-inner\"><div class=\"wpb_wrapper\"><h2 class=\"ui-title-block\">Por que elegir<span class=\"text-primary\"> Crazy Time<\/span><\/h2><div class=\"ui-subtitle-block\">Los recuerdos se hicieron divertidos.<\/div><section class=\"b-advantages-2 b-advantages-2_mod-a\"><i class=\"b-advantages-2__icon flaticon-people\"><\/i>\n                <div class=\"b-advantages-2__inner\">\n                  <h3 class=\"ova_title b-advantages-2__title ui-title-inner bg-primary_b\">Cabina de fotos digitales<\/h3>\n                  <div class=\"b-advantages-2__info\">Una estaci\u00f3n elegante y moderna con interfaz t\u00e1ctil y c\u00e1mara de alta resoluci\u00f3n. F\u00e1cil de usar, ideal para todas las edades. \u00a1Sea inolvidable!<\/div>\n                <\/div>\n             <\/section><section class=\"b-advantages-2 b-advantages-2_mod-a\"><i class=\"b-advantages-2__icon flaticon-food\"><\/i>\n                <div class=\"b-advantages-2__inner\">\n                  <h3 class=\"ova_title b-advantages-2__title ui-title-inner bg-primary_b\">Fondos personalizados<\/h3>\n                  <div class=\"b-advantages-2__info\">Elija entre nuestra colecci\u00f3n o solicite un fondo totalmente personalizado para que coincida con el tema de su evento.<\/div>\n                <\/div>\n             <\/section><section class=\"b-advantages-2 b-advantages-2_mod-a\"><i class=\"b-advantages-2__icon flaticon-karaoke\"><\/i>\n                <div class=\"b-advantages-2__inner\">\n                  <h3 class=\"ova_title b-advantages-2__title ui-title-inner bg-primary_b\">Impresiones instant\u00e1neas<\/h3>\n                  <div class=\"b-advantages-2__info\">Fotograf\u00edas de alta calidad impresas en el momento: el recuerdo perfecto para sus invitados.<\/div>\n                <\/div>\n             <\/section><section class=\"b-advantages-2 b-advantages-2_mod-a\"><i class=\"b-advantages-2__icon flaticon-people\"><\/i>\n                <div class=\"b-advantages-2__inner\">\n                  <h3 class=\"ova_title b-advantages-2__title ui-title-inner bg-primary_b\">Compartir digitales<\/h3>\n                  <div class=\"b-advantages-2__info\">Los invitados pueden recibir su foto al instante mediante un c\u00f3digo QR, correo electr\u00f3nico o directamente en su tel\u00e9fono. No se necesita ninguna aplicaci\u00f3n.<\/div>\n                <\/div>\n             <\/section><section class=\"b-advantages-2 b-advantages-2_mod-a\"><i class=\"b-advantages-2__icon flaticon-karaoke\"><\/i>\n                <div class=\"b-advantages-2__inner\">\n                  <h3 class=\"ova_title b-advantages-2__title ui-title-inner bg-primary_b\">Accesorios y utiler\u00eda (opcional)<\/h3>\n                  <div class=\"b-advantages-2__info\">A\u00f1ade sombreros, gafas, letreros y m\u00e1s para una experiencia fotogr\u00e1fica divertida y alocada. \u00a1Disponible a pedido!<\/div>\n                <\/div>\n             <\/section><section class=\"b-advantages-2 b-advantages-2_mod-a\"><i class=\"b-advantages-2__icon flaticon-food\"><\/i>\n                <div class=\"b-advantages-2__inner\">\n                  <h3 class=\"ova_title b-advantages-2__title ui-title-inner bg-primary_b\">Plantillas de marca (para empresas)<\/h3>\n                  <div class=\"b-advantages-2__info\">Superposiciones de fotograf\u00edas personalizadas con su logotipo, eslogan o campa\u00f1a: ideales para activaciones, ferias y eventos corporativos.<\/div>\n                <\/div>\n             <\/section><section class=\"b-advantages-2 b-advantages-2_mod-a\"><i class=\"b-advantages-2__icon flaticon-food\"><\/i>\n                <div class=\"b-advantages-2__inner\">\n                  <h3 class=\"ova_title b-advantages-2__title ui-title-inner bg-primary_b\">Configuraci\u00f3n completa y soporte<\/h3>\n                  <div class=\"b-advantages-2__info\">Llegamos temprano, nos instalamos r\u00e1pido y nos encargamos de todo. T\u00fa solo disfruta de la diversi\u00f3n.<\/div>\n                <\/div>\n             <\/section><\/div><\/div><\/div><\/div><\/div><\/div><\/div><div class=\"block-table__cell about-why-us-right wpb_column vc_column_container vc_col-sm-12 vc_col-lg-6 vc_col-md-6 vc_col-has-fill\"><div class=\"vc_column-inner vc_custom_1746216242623\"><div class=\"wpb_wrapper\">\n\t<div class=\"wpb_text_column wpb_content_element\" >\n\t\t<div class=\"wpb_wrapper\">\n\t\t\t\n\t\t<\/div>\n\t<\/div>\n<\/div><\/div><\/div><\/div><div class=\"vc_row-full-width vc_clearfix\"><\/div><div data-vc-full-width=\"true\" data-vc-full-width-init=\"false\" data-vc-stretch-content=\"true\" class=\"vc_row wpb_row vc_row-fluid section-progress section-progress_mod-a area-bg bg-primary_a parallax area-bg-table-cell vc_custom_1497515207652 vc_row-has-fill vc_row-no-padding\"><div class=\"wpb_column vc_column_container vc_col-sm-12\"><div class=\"vc_column-inner vc_custom_1497515532312\"><div class=\"wpb_wrapper\"> <div class=\"area-bg__inner\">\n          \t\t\t<ul class=\"b-progress-list b-progress-list_no-icon list-unstyled clearfix\"><li class=\"b-progress-list__item\">\n\t              <div class=\"b-progress-list__label\"><\/div>\n\t              <span data-percent=\"320\" class=\"b-progress-list__percent js-chart\">\n\t                <span class=\"js-percent\"><\/span>\n\t              <\/span>\n\t              <span class=\"b-progress-list__name\">Eventos destacados<\/span>\n            <\/li><li class=\"b-progress-list__item\">\n\t              <div class=\"b-progress-list__label\"><\/div>\n\t              <span data-percent=\"156\" class=\"b-progress-list__percent js-chart\">\n\t                <span class=\"js-percent\"><\/span>\n\t              <\/span>\n\t              <span class=\"b-progress-list__name\">Clientes leales<\/span>\n            <\/li><li class=\"b-progress-list__item\">\n\t              <div class=\"b-progress-list__label\"><\/div>\n\t              <span data-percent=\"100\" class=\"b-progress-list__percent js-chart\">\n\t                <span class=\"js-percent\"><\/span>\n\t              <\/span>\n\t              <span class=\"b-progress-list__name\">Buenos comentarios<\/span>\n            <\/li><li class=\"b-progress-list__item\">\n\t              <div class=\"b-progress-list__label\"><\/div>\n\t              <span data-percent=\"100\" class=\"b-progress-list__percent js-chart\">\n\t                <span class=\"js-percent\"><\/span>\n\t              <\/span>\n\t              <span class=\"b-progress-list__name\">Servicio certificado<\/span>\n            <\/li><\/ul>\n          \t\t<\/div> <\/div><\/div><\/div><\/div><div class=\"vc_row-full-width vc_clearfix\"><\/div><div data-vc-full-width=\"true\" data-vc-full-width-init=\"false\" class=\"vc_row wpb_row vc_row-fluid section-type-3 bg-grey section-texture-2 stellar\"><div class=\"wpb_column vc_column_container vc_col-sm-6\"><div class=\"vc_column-inner\"><div class=\"wpb_wrapper\"><h2 class=\"ui-title-block\"><span class=\"text-primary\">Crazy Time<\/span> Habilidades<\/h2><div class=\"ui-subtitle-block\"><\/div>\n\t<div class=\"wpb_text_column wpb_content_element\" >\n\t\t<div class=\"wpb_wrapper\">\n\t\t\t<ul class=\"list list-mark-5 list_icon_color-primary list_bold\">\n<li class=\"\" data-start=\"347\" data-end=\"379\">\n<p class=\"\" data-start=\"349\" data-end=\"379\">Participaci\u00f3n e interacci\u00f3n de los invitados<\/p>\n<\/li>\n<li class=\"\" data-start=\"380\" data-end=\"410\">\n<p class=\"\" data-start=\"382\" data-end=\"410\">Configuraci\u00f3n de equipos y manejo t\u00e9cnico<\/p>\n<\/li>\n<li class=\"\" data-start=\"411\" data-end=\"450\">\n<p class=\"\" data-start=\"413\" data-end=\"450\">Planificaci\u00f3n y coordinaci\u00f3n de eventos<\/p>\n<\/li>\n<li class=\"\" data-start=\"451\" data-end=\"486\">\n<p class=\"\" data-start=\"453\" data-end=\"486\">Poses creativas y estilismo fotogr\u00e1fico<\/p>\n<\/li>\n<\/ul>\n\n\t\t<\/div>\n\t<\/div>\n<\/div><\/div><\/div><div class=\"progress-block-group wpb_column vc_column_container vc_col-sm-6\"><div class=\"vc_column-inner\"><div class=\"wpb_wrapper\">\n\t\t <div class=\"progress-block\">\n          <div class=\"progress__title\">Fiestas De Cumplea\u00f1os<\/div>\n          <div class=\"progress progress-w-number\">\n            <div style=\"width: 80%\" class=\"progress-bar bg-primary\"><span class=\"progress-bar__number\">80%<\/span><\/div>\n          <\/div>\n        <\/div>\n\t\n\t\t <div class=\"progress-block\">\n          <div class=\"progress__title\">Eventos de boda<\/div>\n          <div class=\"progress progress-w-number\">\n            <div style=\"width: 90%\" class=\"progress-bar bg-primary\"><span class=\"progress-bar__number\">90%<\/span><\/div>\n          <\/div>\n        <\/div>\n\t\n\t\t <div class=\"progress-block\">\n          <div class=\"progress__title\">Eventos corporativos<\/div>\n          <div class=\"progress progress-w-number\">\n            <div style=\"width: 55%\" class=\"progress-bar bg-primary\"><span class=\"progress-bar__number\">55%<\/span><\/div>\n          <\/div>\n        <\/div>\n\t\n\t\t <div class=\"progress-block\">\n          <div class=\"progress__title\">Organizaci\u00f3n de propuestas<\/div>\n          <div class=\"progress progress-w-number\">\n            <div style=\"width: 65%\" class=\"progress-bar bg-primary\"><span class=\"progress-bar__number\">65%<\/span><\/div>\n          <\/div>\n        <\/div>\n\t\n\t\t <div class=\"progress-block\">\n          <div class=\"progress__title\">Seminarios Sociales<\/div>\n          <div class=\"progress progress-w-number\">\n            <div style=\"width: 85%\" class=\"progress-bar bg-primary\"><span class=\"progress-bar__number\">85%<\/span><\/div>\n          <\/div>\n        <\/div>\n\t<\/div><\/div><\/div><\/div><div class=\"vc_row-full-width vc_clearfix\"><\/div><div data-vc-full-width=\"true\" data-vc-full-width-init=\"false\" class=\"vc_row wpb_row vc_row-fluid b-advertisement area-bg area-bg_dark area-bg_op_70 parallax area-bg-table-cell vc_custom_1497521867922 vc_row-has-fill\"><div class=\"wpb_column vc_column_container vc_col-sm-12\"><div class=\"vc_column-inner\"><div class=\"wpb_wrapper\">\n\t\t <div class=\"area-bg__inner\"> \n          <div class=\"b-advertisement__label bg-primary\">Celebra con<strong> Crazy Time<\/strong><\/div>\n          <h2 class=\"b-advertisement__title ui-title-block\">\u00a1Planifica tu celebraci\u00f3n de cumplea\u00f1os con nosotros!<\/h2>\n          <div class=\"b-advertisement__info\">Ofreceremos experiencias \u00fanicas: \u00a1\u00e9se es nuestro compromiso!<\/div>\n        <\/div>\n\t<\/div><\/div><\/div><\/div><div class=\"vc_row-full-width vc_clearfix\"><\/div><div data-vc-full-width=\"true\" data-vc-full-width-init=\"false\" class=\"vc_row wpb_row vc_row-fluid section-default vc_custom_1745734860005\"><div class=\"wpb_column vc_column_container vc_col-sm-12\"><div class=\"vc_column-inner\"><div class=\"wpb_wrapper\"><div class=\"area-bg__inner\">\n          <div class=\"container\">\n            <div class=\"row\">\n              <div class=\"col-sm-11\"><div data-pagination=\"true\" data-navigation=\"false\" data-single-item=\"true\" data-auto-play=\"7000\" data-transition-style=\"fade\" data-main-text-animation=\"true\" data-after-init-delay=\"3000\" data-after-move-delay=\"1000\" data-stop-on-hover=\"true\" class=\"owl-carousel owl-theme owl-theme_mod-a enable-owl-carousel\"><blockquote class=\"b-blockquote b-blockquote-3 none\">\n                    <p><i><span style=\"font-weight: 400;\">\u00a1Crazy Time fue lo mejor de nuestra recepci\u00f3n de boda! A todos les encant\u00f3, \u00a1incluso nuestros abuelos se divirtieron mucho! \u00a1El tel\u00f3n de fondo personalizado con nuestros nombres fue un detalle precioso!<\/span><\/i><\/p>\n                    <footer class=\"b-blockquote__footer\">\n                      <div class=\"b-blockquote__face\"><img decoding=\"async\" src=\"https:\/\/www.crazytimephotobooth.com\/wp-content\/uploads\/2017\/06\/4.png\" alt=\"\ud83c\udf89 Samantha &amp; Leo \u2013 Wedding Couple\" class=\"img-responsive\"\/><\/div>\n                      <cite title=\"Blockquote Title\" class=\"b-blockquote__cite\">\n\t                      <span class=\"b-blockquote__author\">\ud83c\udf89 Samantha &amp; Leo \u2013 Pareja de novios<\/span>\n\t                      <span class=\"b-blockquote__category\">USA<\/span>\n                      <\/cite>\n                    <\/footer>\n                  <\/blockquote><blockquote class=\"b-blockquote b-blockquote-3 none\">\n                    <p><i><span style=\"font-weight: 400;\">F\u00e1cil de reservar, montaje r\u00e1pido y un \u00e9xito rotundo. Los invitados no paraban de hablar del fotomat\u00f3n. \u00a1La funci\u00f3n para compartir fotos digitales fue revolucionaria!<\/span><\/i><\/p>\n                    <footer class=\"b-blockquote__footer\">\n                      <div class=\"b-blockquote__face\"><img decoding=\"async\" src=\"https:\/\/www.crazytimephotobooth.com\/wp-content\/uploads\/2017\/06\/3-3.jpg\" alt=\"\ud83c\udf88 Rosa M. \u2013 Event Organizer\" class=\"img-responsive\"\/><\/div>\n                      <cite title=\"Blockquote Title\" class=\"b-blockquote__cite\">\n\t                      <span class=\"b-blockquote__author\">\ud83c\udf88 Rosa M. \u2013 Organizadora de eventos<\/span>\n\t                      <span class=\"b-blockquote__category\">USA<\/span>\n                      <\/cite>\n                    <\/footer>\n                  <\/blockquote><blockquote class=\"b-blockquote b-blockquote-3 none\">\n                    <p><i><span style=\"font-weight: 400;\">\"Contratamos a Crazy Time para el d\u00e9cimo cumplea\u00f1os de nuestra hija, \u00a1y fue todo un \u00e9xito! Los ni\u00f1os quedaron fascinados con la utiler\u00eda y las fotos instant\u00e1neas. \u00a1Vali\u00f3 much\u00edsimo la pena!\"<\/span><\/i><\/p>\n                    <footer class=\"b-blockquote__footer\">\n                      <div class=\"b-blockquote__face\"><img decoding=\"async\" src=\"https:\/\/www.crazytimephotobooth.com\/wp-content\/uploads\/2017\/06\/2-5.jpg\" alt=\"\ud83c\udf82 Marta G. \u2013 Mom of a Birthday Girl\" class=\"img-responsive\"\/><\/div>\n                      <cite title=\"Blockquote Title\" class=\"b-blockquote__cite\">\n\t                      <span class=\"b-blockquote__author\">\ud83c\udf82 Marta G. \u2013 Mam\u00e1 de una cumplea\u00f1era<\/span>\n\t                      <span class=\"b-blockquote__category\">USA<\/span>\n                      <\/cite>\n                    <\/footer>\n                  <\/blockquote><blockquote class=\"b-blockquote b-blockquote-3 none\">\n                    <p><i><span style=\"font-weight: 400;\">\"Usamos Crazy Time para el aniversario de nuestra empresa y fue la soluci\u00f3n perfecta para romper el hielo. Los marcos de fotos de marca quedaron perfectos. \u00a1Sin duda volveremos a reservar!\"<\/span><\/i><\/p>\n                    <footer class=\"b-blockquote__footer\">\n                      <div class=\"b-blockquote__face\"><img decoding=\"async\" src=\"https:\/\/www.crazytimephotobooth.com\/wp-content\/uploads\/2017\/06\/face-1.jpg\" alt=\"Carlos V. \u2013 Corporate Client\" class=\"img-responsive\"\/><\/div>\n                      <cite title=\"Blockquote Title\" class=\"b-blockquote__cite\">\n\t                      <span class=\"b-blockquote__author\">Carlos V. \u2013 Cliente Corporativo<\/span>\n\t                      <span class=\"b-blockquote__category\">USA<\/span>\n                      <\/cite>\n                    <\/footer>\n                  <\/blockquote><\/div><\/div><\/div><\/div><\/div><\/div><\/div><\/div><\/div><div class=\"vc_row-full-width vc_clearfix\"><\/div>\n<\/div>","protected":false},"excerpt":{"rendered":"Why Choose Crazy TimeMemories made fun. Digital Photo Booth A sleek, modern station with touchscreen interface and high-resolution camera. Easy to use, perfect for all ages.be unforgettable. Custom Backdrops Choose from our collection or request a fully customized background to match your event theme. Instant Prints High-quality printed photos on the spot \u2013 the perfect [...]","protected":false},"author":1,"featured_media":0,"parent":0,"menu_order":0,"comment_status":"closed","ping_status":"closed","template":"","meta":{"pagelayer_contact_templates":[],"_pagelayer_content":"","footnotes":""},"class_list":["post-398","page","type-page","status-publish","hentry"],"_links":{"self":[{"href":"https:\/\/www.crazytimephotobooth.com\/es\/wp-json\/wp\/v2\/pages\/398","targetHints":{"allow":["GET"]}}],"collection":[{"href":"https:\/\/www.crazytimephotobooth.com\/es\/wp-json\/wp\/v2\/pages"}],"about":[{"href":"https:\/\/www.crazytimephotobooth.com\/es\/wp-json\/wp\/v2\/types\/page"}],"author":[{"embeddable":true,"href":"https:\/\/www.crazytimephotobooth.com\/es\/wp-json\/wp\/v2\/users\/1"}],"replies":[{"embeddable":true,"href":"https:\/\/www.crazytimephotobooth.com\/es\/wp-json\/wp\/v2\/comments?post=398"}],"version-history":[{"count":8,"href":"https:\/\/www.crazytimephotobooth.com\/es\/wp-json\/wp\/v2\/pages\/398\/revisions"}],"predecessor-version":[{"id":1223,"href":"https:\/\/www.crazytimephotobooth.com\/es\/wp-json\/wp\/v2\/pages\/398\/revisions\/1223"}],"wp:attachment":[{"href":"https:\/\/www.crazytimephotobooth.com\/es\/wp-json\/wp\/v2\/media?parent=398"}],"curies":[{"name":"wp","href":"https:\/\/api.w.org\/{rel}","templated":true}]}}