{"id":464,"date":"2017-06-15T14:51:09","date_gmt":"2017-06-15T14:51:09","guid":{"rendered":"https:\/\/www.crazytimephotobooth.com\/?page_id=464"},"modified":"2025-09-10T00:08:11","modified_gmt":"2025-09-10T00:08:11","slug":"contact","status":"publish","type":"page","link":"https:\/\/www.crazytimephotobooth.com\/es\/contact\/","title":{"rendered":"Contacto"},"content":{"rendered":"<div class=\"wpb-content-wrapper\"><div class=\"vc_row wpb_row vc_row-fluid section-contact\"><div class=\"wpb_column vc_column_container vc_col-sm-12\"><div class=\"vc_column-inner\"><div class=\"wpb_wrapper\">\n              <div class=\"text-center\">\n                <h2 class=\"b-contact__title ui-subtitle-block\">Cont\u00e1ctanos si necesitas nuestros servicios. \u00a1Estaremos encantados de hacer que tus eventos sean inolvidables!<\/h2>\n              <\/div><div class=\"vc_row wpb_row vc_inner vc_row-fluid\"><div class=\"wpb_column vc_column_container vc_col-sm-12 vc_col-lg-4 vc_col-md-4\"><div class=\"vc_column-inner\"><div class=\"wpb_wrapper\"><div \n\tdata-stellar-background-ratio=\"0.4\" \n\tstyle=\"background-color: #E6D61E; background-image: url(https:\/\/www.crazytimephotobooth.com\/wp-content\/uploads\/2017\/06\/texture-1.png)\" \n\tclass=\"b-contact stellar section-texture section-radius\" >\n                <div class=\"b-contact__name\">Direcci\u00f3n<\/div>\n                <div class=\"b-contact__info\">Long Island, NYC<\/div>\n                <div class=\"b-contact__icon icon-map\"><\/div>\n              <\/div><\/div><\/div><\/div><div class=\"wpb_column vc_column_container vc_col-sm-12 vc_col-lg-4 vc_col-md-4\"><div class=\"vc_column-inner\"><div class=\"wpb_wrapper\"><div \n\tdata-stellar-background-ratio=\"0.4\" \n\tstyle=\"background-color: #F65353; background-image: url(https:\/\/www.crazytimephotobooth.com\/wp-content\/uploads\/2017\/06\/texture-1.png)\" \n\tclass=\"b-contact stellar section-texture section-radius\" >\n                <div class=\"b-contact__name\">Tel\u00e9fono<\/div>\n                <div class=\"b-contact__info\">+1(516-805-4560)<\/div>\n                <div class=\"b-contact__icon icon-call-in\"><\/div>\n              <\/div><\/div><\/div><\/div><div class=\"wpb_column vc_column_container vc_col-sm-12 vc_col-lg-4 vc_col-md-4\"><div class=\"vc_column-inner\"><div class=\"wpb_wrapper\"><div \n\tdata-stellar-background-ratio=\"0.4\" \n\tstyle=\"background-color: #ECC20B; background-image: url(https:\/\/www.crazytimephotobooth.com\/wp-content\/uploads\/2017\/06\/texture-1.png)\" \n\tclass=\"b-contact stellar section-texture section-radius\" >\n                <div class=\"b-contact__name\">Correo<\/div>\n                <div class=\"b-contact__info\">info@crazytimephotobooth.com<\/div>\n                <div class=\"b-contact__icon icon-envelope-open\"><\/div>\n              <\/div><\/div><\/div><\/div><\/div><\/div><\/div><\/div><\/div><div class=\"vc_row wpb_row vc_row-fluid section-form-contact vc_row-o-equal-height vc_row-flex\"><div class=\"wpb_column vc_column_container vc_col-sm-12 vc_col-lg-6 vc_col-md-6\"><div class=\"vc_column-inner\"><div class=\"wpb_wrapper\">\n<div class=\"wpcf7 no-js\" id=\"wpcf7-f170-o1\" lang=\"en-US\" dir=\"ltr\" data-wpcf7-id=\"170\">\n<div class=\"screen-reader-response\"><p role=\"status\" aria-live=\"polite\" aria-atomic=\"true\"><\/p> <ul><\/ul><\/div>\n<form action=\"\/es\/wp-json\/wp\/v2\/pages\/464#wpcf7-f170-o1\" method=\"post\" class=\"wpcf7-form init\" aria-label=\"Contact form\" novalidate=\"novalidate\" data-status=\"init\" data-trp-original-action=\"\/es\/wp-json\/wp\/v2\/pages\/464#wpcf7-f170-o1\">\n<fieldset class=\"hidden-fields-container\"><input type=\"hidden\" name=\"_wpcf7\" value=\"170\" \/><input type=\"hidden\" name=\"_wpcf7_version\" value=\"6.1.5\" \/><input type=\"hidden\" name=\"_wpcf7_locale\" value=\"en_US\" \/><input type=\"hidden\" name=\"_wpcf7_unit_tag\" value=\"wpcf7-f170-o1\" \/><input type=\"hidden\" name=\"_wpcf7_container_post\" value=\"0\" \/><input type=\"hidden\" name=\"_wpcf7_posted_data_hash\" value=\"\" \/>\n<\/fieldset>\n<div class=\"b-form-contacts ui-form\">\n\t<div class=\"row\">\n\t\t<div class=\"col-md-6\">\n\t\t\t<p><span class=\"wpcf7-form-control-wrap\" data-name=\"username\"><input size=\"40\" maxlength=\"400\" class=\"wpcf7-form-control wpcf7-text wpcf7-validates-as-required form-control crazy-placeholder\" id=\"user-name\" aria-required=\"true\" aria-invalid=\"false\" placeholder=\"Nombre\" value=\"\" type=\"text\" name=\"username\" \/><\/span><br \/>\n<span class=\"wpcf7-form-control-wrap\" data-name=\"phone\"><input size=\"40\" maxlength=\"400\" class=\"wpcf7-form-control wpcf7-text wpcf7-validates-as-required form-control crazy-placeholder\" id=\"user-phone\" aria-required=\"true\" aria-invalid=\"false\" placeholder=\"Tel\u00e9fono\" value=\"\" type=\"text\" name=\"phone\" \/><\/span><br \/>\n<span class=\"wpcf7-form-control-wrap\" data-name=\"typeevent\"><input size=\"40\" maxlength=\"400\" class=\"wpcf7-form-control wpcf7-text wpcf7-validates-as-required form-control crazy-placeholder\" id=\"type-event\" aria-required=\"true\" aria-invalid=\"false\" placeholder=\"Tipo de evento\" value=\"\" type=\"text\" name=\"typeevent\" \/><\/span>\n\t\t\t<\/p>\n\t\t<\/div>\n\t\t<div class=\"col-md-6\">\n\t\t\t<p><span class=\"wpcf7-form-control-wrap\" data-name=\"email\"><input size=\"40\" maxlength=\"400\" class=\"wpcf7-form-control wpcf7-email wpcf7-validates-as-required wpcf7-text wpcf7-validates-as-email form-control crazy-placeholder\" id=\"user-email\" aria-required=\"true\" aria-invalid=\"false\" placeholder=\"Correo\" value=\"\" type=\"email\" name=\"email\" \/><\/span><br \/>\n<span class=\"wpcf7-form-control-wrap\" data-name=\"manyhours\"><input class=\"wpcf7-form-control wpcf7-number wpcf7-validates-as-required wpcf7-validates-as-number form-control crazy-placeholder\" id=\"many-hours\" aria-required=\"true\" aria-invalid=\"false\" placeholder=\"\u00bfCu\u00e1ntas horas?\" value=\"\" type=\"number\" name=\"manyhours\" \/><\/span><br \/>\n<span class=\"wpcf7-form-control-wrap\" data-name=\"dateevent\"><input class=\"wpcf7-form-control wpcf7-date wpcf7-validates-as-required wpcf7-validates-as-date form-control\" id=\"date-event\" aria-required=\"true\" aria-invalid=\"false\" value=\"\" type=\"date\" name=\"dateevent\" \/><\/span>\n\t\t\t<\/p>\n\t\t<\/div>\n\t<\/div>\n\t<div class=\"row\">\n\t\t<div class=\"col-xs-12\">\n\t\t\t<p><span class=\"wpcf7-form-control-wrap\" data-name=\"messages\"><textarea cols=\"40\" rows=\"3\" maxlength=\"2000\" class=\"wpcf7-form-control wpcf7-textarea wpcf7-validates-as-required form-control crazy-placeholder\" id=\"user-message\" aria-required=\"true\" aria-invalid=\"false\" placeholder=\"Message ...\" name=\"messages\"><\/textarea><\/span>\n\t\t\t<\/p>\n\t\t<\/div>\n\t\t<div class=\"row\">\n\t\t\t<div class=\"col-xs-12\">\n\t\t\t\t<p><button type = \"submit\" class=\"btn btn-default\">Enviar mensaje<\/button><br \/>\n<a href=\"https:\/\/api.whatsapp.com\/send\/?phone=15168361799&text=Hello+Crazy+Times&type=phone_number&app_absent=0\" style=\"color:white;\">\u00bfPrefieres hablar? \u00a1Cont\u00e1ctanos por WhatsApp para una respuesta m\u00e1s r\u00e1pida!<\/a>\n\t\t\t\t<\/p>\n\t\t\t<\/div>\n\t\t<\/div>\n\t<\/div>\n<\/div><p style=\"display: none !important;\" class=\"akismet-fields-container\" data-prefix=\"_wpcf7_ak_\"><label>&#916;<textarea name=\"_wpcf7_ak_hp_textarea\" cols=\"45\" rows=\"8\" maxlength=\"100\"><\/textarea><\/label><input type=\"hidden\" id=\"ak_js_1\" name=\"_wpcf7_ak_js\" value=\"146\"\/><script>document.getElementById( \"ak_js_1\" ).setAttribute( \"value\", ( new Date() ).getTime() );<\/script><\/p><div class=\"wpcf7-response-output\" aria-hidden=\"true\"><\/div>\n<input type=\"hidden\" name=\"trp-form-language\" value=\"es\"\/><\/form>\n<\/div>\n<\/div><\/div><\/div><div class=\"wpb_column vc_column_container vc_col-sm-12 vc_col-lg-6 vc_col-md-6\"><div class=\"vc_column-inner\"><div class=\"wpb_wrapper\"><div class=\"wpb_gmaps_widget wpb_content_element map\"><div class=\"wpb_wrapper\"><div class=\"wpb_map_wraper\"><iframe src=\"https:\/\/www.google.com\/maps\/embed?pb=!1m14!1m8!1m3!1d395806.13214987604!2d-73.35260780782771!3d40.71583299323432!3m2!1i1024!2i768!4f13.1!3m3!1m2!1s0x89e84454e1eea5cb%3A0x1df7f96186940d18!2sLong%20Island!5e0!3m2!1ses-419!2spe!4v1745742244447!5m2!1ses-419!2spe\" width=\"600\" height=\"500\" style=\"border:0;\" allowfullscreen=\"\" loading=\"lazy\" referrerpolicy=\"no-referrer-when-downgrade\"><\/iframe><\/div><\/div><\/div><\/div><\/div><\/div><\/div><div data-vc-full-width=\"true\" data-vc-full-width-init=\"false\" class=\"vc_row wpb_row vc_row-fluid b-contact-social-net bg-grey text-center\"><div class=\"wpb_column vc_column_container vc_col-sm-12\"><div class=\"vc_column-inner\"><div class=\"wpb_wrapper\"> <ul class=\"social-net list-inline\"><li class=\"social-net__item\"><a  href=\"https:\/\/www.facebook.com\/profile.php?id=61572730060558\" class=\"social-net__link text-primary_h\"><i class=\"icon fa fa-facebook\"><\/i><\/a><\/li><li class=\"social-net__item\"><a  href=\"https:\/\/www.instagram.com\/crazytimephotobooth?igsh=Ymw4djdoMm5zZnZz\" class=\"social-net__link text-primary_h\"><i class=\"icon fa fa-instagram\"><\/i><\/a><\/li><\/ul><\/div><\/div><\/div><\/div><div class=\"vc_row-full-width vc_clearfix\"><\/div>\n<\/div>","protected":false},"excerpt":{"rendered":"Contact us if you need our services. We will be happy to make your events memorable! Address Long Island, NYC Phone +1(516-805-4560) Email info@crazytimephotobooth.com Send Message Prefer to talk? Reach us on WhatsApp for a faster response! &#916;","protected":false},"author":1,"featured_media":0,"parent":0,"menu_order":0,"comment_status":"closed","ping_status":"closed","template":"","meta":{"pagelayer_contact_templates":[],"_pagelayer_content":"","footnotes":""},"class_list":["post-464","page","type-page","status-publish","hentry"],"_links":{"self":[{"href":"https:\/\/www.crazytimephotobooth.com\/es\/wp-json\/wp\/v2\/pages\/464","targetHints":{"allow":["GET"]}}],"collection":[{"href":"https:\/\/www.crazytimephotobooth.com\/es\/wp-json\/wp\/v2\/pages"}],"about":[{"href":"https:\/\/www.crazytimephotobooth.com\/es\/wp-json\/wp\/v2\/types\/page"}],"author":[{"embeddable":true,"href":"https:\/\/www.crazytimephotobooth.com\/es\/wp-json\/wp\/v2\/users\/1"}],"replies":[{"embeddable":true,"href":"https:\/\/www.crazytimephotobooth.com\/es\/wp-json\/wp\/v2\/comments?post=464"}],"version-history":[{"count":8,"href":"https:\/\/www.crazytimephotobooth.com\/es\/wp-json\/wp\/v2\/pages\/464\/revisions"}],"predecessor-version":[{"id":1308,"href":"https:\/\/www.crazytimephotobooth.com\/es\/wp-json\/wp\/v2\/pages\/464\/revisions\/1308"}],"wp:attachment":[{"href":"https:\/\/www.crazytimephotobooth.com\/es\/wp-json\/wp\/v2\/media?parent=464"}],"curies":[{"name":"wp","href":"https:\/\/api.w.org\/{rel}","templated":true}]}}